{"id":16,"date":"2013-09-29T23:20:04","date_gmt":"2013-09-29T21:20:04","guid":{"rendered":"http:\/\/www.techtradeconsult.com\/?page_id=16"},"modified":"2014-08-18T15:21:47","modified_gmt":"2014-08-18T14:21:47","slug":"services","status":"publish","type":"page","link":"https:\/\/www.techtradeconsult.com\/?page_id=16","title":{"rendered":"Consulting"},"content":{"rendered":"<h5><b>Sie haben Ideen, W\u00fcnsche und Ziele..<\/b>&#8230;<\/h5>\n<p><span style=\"color: #9db668;\">TTC Tech Trade Consult GmbH<\/span> versteht sich als Fullservice-Partner f\u00fcr IT-Solutions. Langj\u00e4hrige Erfahrung, fundiertes Know How und dynamische Mitarbeiter bilden unsere zentralen Erfolgsfaktoren f\u00fcr kompetentes All-In-One Service im IT-Bereich. In jedem Gesch\u00e4ftsbereich stehen Ihnen Fachleute mit Kompetenzen f\u00fcr innovative Projektrealisierungen zur Verf\u00fcgung.<\/p>\n<p>Unsere Mitarbeiter arbeiten f\u00fcr nationale und internationale Auftraggeber. Sie werden von uns unterst\u00fctzt und gef\u00f6rdert, sich den neuesten Herausforderungen sowie Entwicklungen der IT Branche zu widmen um diese zu meistern und Ihnen einen &#8220;State of the Art&#8221; Service zu bieten.<\/p>\n<p>Denn nur die Verschmelzung von einzelnen Tools und Welten in ein Gesamt-Konzept erbringt die operative Mehrleistung die heut zu Tage gew\u00fcnscht bzw.\u00a0gefordert wird.<\/p>\n","protected":false},"excerpt":{"rendered":"<p>Sie haben Ideen, W\u00fcnsche und Ziele..&#8230; TTC Tech Trade Consult GmbH versteht sich als Fullservice-Partner f\u00fcr IT-Solutions. Langj\u00e4hrige Erfahrung, fundiertes Know How und dynamische Mitarbeiter bilden unsere zentralen Erfolgsfaktoren f\u00fcr kompetentes All-In-One Service im IT-Bereich. In jedem Gesch\u00e4ftsbereich stehen Ihnen Fachleute mit Kompetenzen f\u00fcr innovative Projektrealisierungen zur Verf\u00fcgung. Unsere Mitarbeiter arbeiten f\u00fcr nationale und internationale [&hellip;]<\/p>\n","protected":false},"author":1,"featured_media":147,"parent":0,"menu_order":20,"comment_status":"open","ping_status":"open","template":"","meta":[],"_links":{"self":[{"href":"https:\/\/www.techtradeconsult.com\/index.php?rest_route=\/wp\/v2\/pages\/16"}],"collection":[{"href":"https:\/\/www.techtradeconsult.com\/index.php?rest_route=\/wp\/v2\/pages"}],"about":[{"href":"https:\/\/www.techtradeconsult.com\/index.php?rest_route=\/wp\/v2\/types\/page"}],"author":[{"embeddable":true,"href":"https:\/\/www.techtradeconsult.com\/index.php?rest_route=\/wp\/v2\/users\/1"}],"replies":[{"embeddable":true,"href":"https:\/\/www.techtradeconsult.com\/index.php?rest_route=%2Fwp%2Fv2%2Fcomments&post=16"}],"version-history":[{"count":16,"href":"https:\/\/www.techtradeconsult.com\/index.php?rest_route=\/wp\/v2\/pages\/16\/revisions"}],"predecessor-version":[{"id":256,"href":"https:\/\/www.techtradeconsult.com\/index.php?rest_route=\/wp\/v2\/pages\/16\/revisions\/256"}],"wp:featuredmedia":[{"embeddable":true,"href":"https:\/\/www.techtradeconsult.com\/index.php?rest_route=\/wp\/v2\/media\/147"}],"wp:attachment":[{"href":"https:\/\/www.techtradeconsult.com\/index.php?rest_route=%2Fwp%2Fv2%2Fmedia&parent=16"}],"curies":[{"name":"wp","href":"https:\/\/api.w.org\/{rel}","templated":true}]}}